{"id":6,"date":"2014-03-29T07:59:24","date_gmt":"2014-03-29T07:59:24","guid":{"rendered":"https:\/\/wk1.zeg-ibk.at\/?page_id=6"},"modified":"2014-03-29T07:59:24","modified_gmt":"2014-03-29T07:59:24","slug":"willkommen","status":"publish","type":"page","link":"https:\/\/wk1.zeg-ibk.at\/?page_id=6","title":{"rendered":"Willkommen"},"content":{"rendered":"<p><span style=\"line-height: 1.5;\">In den Jahren 2014 bis 2018 j\u00e4hrt sich der Erste Weltkrieg zum hundertsten Mal. Anl\u00e4sslich dieses epochenmachende Ereignis hat das <\/span><a style=\"line-height: 1.5;\" title=\"ZEG-Homepage\" href=\"http:\/\/zeg-ibk.at\">Zentrum f\u00fcr Erinnerungskultur und Geschichte <\/a><span style=\"line-height: 1.5;\">diese Website eingerichtet. In unregelm\u00e4\u00dfigen Abst\u00e4nden werden hier im Laufe des Jahres die verschiedensten Beitr\u00e4ge (Vorstellung von Forschungsprojekten, Buchbesprechungen, ausgew\u00e4hlte Quellen, Interviews, etc.) rund um das Thema Erster Weltkrieg ver\u00f6ffentlicht werden.<\/span><\/p>\n<p>&nbsp;<\/p>\n","protected":false},"excerpt":{"rendered":"<p>In den Jahren 2014 bis 2018 j\u00e4hrt sich der Erste Weltkrieg zum hundertsten Mal. Anl\u00e4sslich dieses epochenmachende Ereignis hat das Zentrum f\u00fcr Erinnerungskultur und Geschichte diese Website eingerichtet. In unregelm\u00e4\u00dfigen Abst\u00e4nden werden hier im Laufe des Jahres die verschiedensten Beitr\u00e4ge (Vorstellung von Forschungsprojekten, Buchbesprechungen, ausgew\u00e4hlte Quellen, Interviews, etc.) rund um das Thema Erster Weltkrieg ver\u00f6ffentlicht &hellip; <a href=\"https:\/\/wk1.zeg-ibk.at\/?page_id=6\" class=\"more-link\"><span class=\"screen-reader-text\">Willkommen<\/span> weiterlesen <span class=\"meta-nav\">&rarr;<\/span><\/a><\/p>\n","protected":false},"author":2,"featured_media":0,"parent":0,"menu_order":0,"comment_status":"open","ping_status":"open","template":"","meta":{"footnotes":""},"class_list":["post-6","page","type-page","status-publish","hentry"],"_links":{"self":[{"href":"https:\/\/wk1.zeg-ibk.at\/index.php?rest_route=\/wp\/v2\/pages\/6","targetHints":{"allow":["GET"]}}],"collection":[{"href":"https:\/\/wk1.zeg-ibk.at\/index.php?rest_route=\/wp\/v2\/pages"}],"about":[{"href":"https:\/\/wk1.zeg-ibk.at\/index.php?rest_route=\/wp\/v2\/types\/page"}],"author":[{"embeddable":true,"href":"https:\/\/wk1.zeg-ibk.at\/index.php?rest_route=\/wp\/v2\/users\/2"}],"replies":[{"embeddable":true,"href":"https:\/\/wk1.zeg-ibk.at\/index.php?rest_route=%2Fwp%2Fv2%2Fcomments&post=6"}],"version-history":[{"count":0,"href":"https:\/\/wk1.zeg-ibk.at\/index.php?rest_route=\/wp\/v2\/pages\/6\/revisions"}],"wp:attachment":[{"href":"https:\/\/wk1.zeg-ibk.at\/index.php?rest_route=%2Fwp%2Fv2%2Fmedia&parent=6"}],"curies":[{"name":"wp","href":"https:\/\/api.w.org\/{rel}","templated":true}]}}